{"id":3405,"date":"2025-08-12T21:33:34","date_gmt":"2025-08-12T19:33:34","guid":{"rendered":"https:\/\/tourismuspankow.berlin\/?page_id=3405"},"modified":"2026-01-30T17:26:49","modified_gmt":"2026-01-30T16:26:49","slug":"aktuelles-2","status":"publish","type":"page","link":"https:\/\/tourismuspankow.berlin\/index.php\/aktuelles-2\/","title":{"rendered":"Aktuelles"},"content":{"rendered":"\n<div class=\"wp-block-columns alignwide is-layout-flex wp-container-core-columns-is-layout-9d6595d7 wp-block-columns-is-layout-flex\">\n<div class=\"wp-block-column is-layout-flow wp-block-column-is-layout-flow\">\n<p>30.01.2026<\/p>\n\n\n\n<p><strong>Stellenausschreibung:<\/strong><\/p>\n\n\n\n<p><strong>Engagierte Mitarbeit (m\/w\/d) in Teilzeit f\u00fcr die Touristeninformation von Berlin-Pankow gesucht<\/strong><\/p>\n\n\n\n<p>Der Tourismusverein Berlin-Pankow e.V. sucht zum n\u00e4chstm\u00f6glichen Zeitpunkt eine verl\u00e4ssliche, verantwortungsvolle und organisationsstarke Pers\u00f6nlichkeit (m\/w\/d) f\u00fcr eine engagierte Mitarbeit in der Touristeninformation in Teilzeit.<\/p>\n\n\n\n<p>Unser Verein f\u00f6rdert seit 31 Jahren aktiv den Tourismus in der Region und betreibt seit 21 Jahren das Tourist Information Center <a href=\"https:\/\/www.pankow-weissensee-prenzlauerberg.berlin\/de\/tic-tourist-information-center\">tic in Prenzlauer Berg<\/a>, wo wir die vielf\u00e4ltigen Angebote des Bezirks Pankow von Berlin pr\u00e4sentieren.<\/p>\n\n\n\n<p><strong>Ihre Aufgaben:<\/strong><\/p>\n\n\n\n<p>\u2022 Unterst\u00fctzung der Projektleitung und des Vorstands in der organisatorischen und administrativen B\u00fcrof\u00fchrung,<\/p>\n\n\n\n<p>\u2022 Koordination und Standbetreuung bei touristischen Veranstaltungen, Stadtteilfesten und Aktionen<\/p>\n\n\n\n<p>\u2022 Unterst\u00fctzung bei der Betreuung und Pflege der Online-Pr\u00e4sentationen (Webseite und social media Kan\u00e4le)<\/p>\n\n\n\n<p>\u2022 Mitarbeit in der Touristeninformation \u2013 Beratung, Verkauf, Inventur, Warenlogistik, u.a.<\/p>\n\n\n\n<p>\u2022 Enge Zusammenarbeit mit lokalen Akteuren zur Produktentwicklung und Vermarktung touristischer Angebote<\/p>\n\n\n\n<p>\u2022 Unterst\u00fctzung bei der Projektentwicklung, Recherchen, Pflege von Datenbanken<\/p>\n\n\n\n<p>\u2022 Mitwirkung an der Personalkoordination, Dienstplanung f\u00fcr die unterst\u00fctzenden Kr\u00e4fte des 2. Arbeitsmarkts<\/p>\n\n\n\n<p>\u2022 Vorbereitende Buchhaltung, B\u00fcroorganisation, Zuarbeiten<\/p>\n\n\n\n<p>\u2022 Distribution von Informationsmaterialien <\/p>\n\n\n\n<p><strong>Ihr Profil:<\/strong><\/p>\n\n\n\n<p>\u2022 Abgeschlossene kaufm\u00e4nnische, betriebswirtschaftliche oder tourismusbezogene Ausbildung oder vergleichbare Qualifikationen aus der Praxis<\/p>\n\n\n\n<p>\u2022 Eigeninitiative und selbst\u00e4ndiges Arbeiten<\/p>\n\n\n\n<p>\u2022 Erfahrungen in den Bereichen B\u00fcroorganisation, Verkauf und Kundenservice; Kenntnisse im Bereich F\u00f6rdermittel von Vorteil<\/p>\n\n\n\n<p>\u2022 Ausgepr\u00e4gte Kommunikationsf\u00e4higkeit, Kontaktfreudigkeit sowie sicheres Auftreten<\/p>\n\n\n\n<p>\u2022 Lust auf Kontakt mit Menschen aus aller Welt<\/p>\n\n\n\n<p>\u2022 Vertrauensw\u00fcrdig und strukturiert.<\/p>\n\n\n\n<p>\u2022 gute Berlin-Kenntnisse; Kenntnisse des Berliner Bezirk Pankow sind von Vorteil<\/p>\n\n\n\n<p>\u2022 Interesse an touristischer Produktentwicklung und Vermarktung<\/p>\n\n\n\n<p>\u2022 Grundkenntnisse in \u00d6ffentlichkeitsarbeit und social media Marketing<\/p>\n\n\n\n<p>\u2022 Gute MS-Office-Kenntnisse<\/p>\n\n\n\n<p>\u2022 Gute Englischkenntnisse, weitere Sprachen von Vorteil<\/p>\n\n\n\n<p>\u2022 Teamf\u00e4higkeit, Verantwortungsbewusstsein, Flexibilit\u00e4t<\/p>\n\n\n\n<p><strong>Wir bieten:<\/strong><\/p>\n\n\n\n<p>\u2022 Eine abwechslungsreiche T\u00e4tigkeit im Herzen Berlins \/ Standort Kulturbrauerei<\/p>\n\n\n\n<p>\u2022 Ein verantwortungsvolles und spannendes Arbeitsumfeld mit wechselnden Themen und Projekten.<\/p>\n\n\n\n<p>\u2022 Die M\u00f6glichkeit, aktiv an der Entwicklung des Tourismus in der Region mitzuwirken<\/p>\n\n\n\n<p>\u2022 Teilzeit <\/p>\n\n\n\n<p>\u2022 Flexible Arbeitszeiten, 28 Tage Urlaub, die zwei Weihnachtsfeiertage und Neujahrstag sind frei<\/p>\n\n\n\n<p>\u2022 Flache Hierarchien, eigenverantwortliches Arbeiten<\/p>\n\n\n\n<p>Die Position ist vorerst befristet bis 31.12.2026, eine Verl\u00e4ngerung wird angestrebt. F\u00fcr das Gehalt besteht ein Rahmen von 2.500 \u20ac<\/p>\n\n\n\n<p>Bitte senden Sie Ihre aussagekr\u00e4ftige Bewerbung ab sofort per E-Mail an den Tourismusverein Berlin-Pankow e.V. TIC-Projektleiterin Sandra Vogt per Email: sandra.vogt@tic-berlin.de oder postalisch an: Tourismusverein Berlin-Pankow e.V. z.H. TIC-Projektleiterin Frau Sandra Vogt, Fr\u00f6belstr. 17 \/ Haus 6, 10405 Berlin<\/p>\n\n\n\n<p>Mehr Informationen zur T\u00e4tigkeit erhalten Sie bei Frau Vogt, Email: sandra.vogt@tic-berlin.de.<\/p>\n\n\n\n<p>Informationen zum touristischen Bezirksauftritt: https:\/\/www.pankow-weissensee-prenzlauerberg.berlin\/de<\/p>\n\n\n\n<p>Wir freuen uns auf Ihre Bewerbung!<\/p>\n<\/div>\n<\/div>\n\n\n\n<p class=\"has-text-align-center\"><\/p>\n","protected":false},"excerpt":{"rendered":"<p>30.01.2026 Stellenausschreibung: Engagierte Mitarbeit (m\/w\/d) in Teilzeit f\u00fcr die Touristeninformation von Berlin-Pankow gesucht Der Tourismusverein Berlin-Pankow e.V. sucht zum n\u00e4chstm\u00f6glichen Zeitpunkt eine verl\u00e4ssliche, verantwortungsvolle und organisationsstarke Pers\u00f6nlichkeit (m\/w\/d) f\u00fcr eine &#8230;<\/p>\n","protected":false},"author":4,"featured_media":0,"parent":0,"menu_order":0,"comment_status":"closed","ping_status":"closed","template":"","meta":{"footnotes":""},"class_list":["post-3405","page","type-page","status-publish","hentry"],"_links":{"self":[{"href":"https:\/\/tourismuspankow.berlin\/index.php\/wp-json\/wp\/v2\/pages\/3405","targetHints":{"allow":["GET"]}}],"collection":[{"href":"https:\/\/tourismuspankow.berlin\/index.php\/wp-json\/wp\/v2\/pages"}],"about":[{"href":"https:\/\/tourismuspankow.berlin\/index.php\/wp-json\/wp\/v2\/types\/page"}],"author":[{"embeddable":true,"href":"https:\/\/tourismuspankow.berlin\/index.php\/wp-json\/wp\/v2\/users\/4"}],"replies":[{"embeddable":true,"href":"https:\/\/tourismuspankow.berlin\/index.php\/wp-json\/wp\/v2\/comments?post=3405"}],"version-history":[{"count":14,"href":"https:\/\/tourismuspankow.berlin\/index.php\/wp-json\/wp\/v2\/pages\/3405\/revisions"}],"predecessor-version":[{"id":3601,"href":"https:\/\/tourismuspankow.berlin\/index.php\/wp-json\/wp\/v2\/pages\/3405\/revisions\/3601"}],"wp:attachment":[{"href":"https:\/\/tourismuspankow.berlin\/index.php\/wp-json\/wp\/v2\/media?parent=3405"}],"curies":[{"name":"wp","href":"https:\/\/api.w.org\/{rel}","templated":true}]}}