{"id":3308,"date":"2025-03-18T00:10:40","date_gmt":"2025-03-17T23:10:40","guid":{"rendered":"https:\/\/tourismuspankow.berlin\/?page_id=3308"},"modified":"2026-01-23T22:11:23","modified_gmt":"2026-01-23T21:11:23","slug":"der-vorstand","status":"publish","type":"page","link":"https:\/\/tourismuspankow.berlin\/index.php\/der-vorstand\/","title":{"rendered":"Der Vorstand"},"content":{"rendered":"\n<h2 class=\"wp-block-heading\">Der Vorstand<\/h2>\n\n\n\n<p><strong>Vorsitzender<\/strong>:  <a rel=\"noreferrer noopener\" href=\"mailto:m.neumann@tourismuspankow.berlin\" data-type=\"mailto\" data-id=\"mailto: m.neumann@tourismuspankow.berlin\" target=\"_blank\">Max E. Neumann<\/a>  Tel. 030 50573781<\/p>\n\n\n\n<p><strong>stellvertretender Vorsitzender:<\/strong>  <a href=\"h.steinhausen@tourismuspankow.berlin\" data-type=\"URL\" data-id=\"h.steinhausen@tourismuspankow.berlin\">Harald Steinhausen<\/a><\/p>\n\n\n\n<p><strong>stellvertretende Vorsitzende<\/strong>: <a href=\"j.morais@tourismuspankow.berlin\" target=\"_blank\" rel=\"noreferrer noopener\">Julia<\/a> <a href=\"mailto: j.morais@tourismuspankow.berlin\" data-type=\"mailto\" data-id=\"mailto: j.morais@tourismuspankow.berlin\"><\/a><a href=\"mailto: j.morais@tourismuspankow.berlin\" data-type=\"mailto\" data-id=\"mailto: j.morais@tourismuspankow.berlin\">Morais<\/a><\/p>\n\n\n\n<p><strong>Schatzmeister<\/strong>: <a href=\"m.mueller@tourismuspankow.berlin\" target=\"_blank\" rel=\"noreferrer noopener\">Marcel<\/a><a href=\"mailto: m.mueller@tourismuspankow.berlin\" data-type=\"mailto\" data-id=\"mailto: m.mueller@tourismuspankow.berlin\"><\/a> <a href=\"mailto: m.mueller@tourismuspankow.berlin\" data-type=\"mailto\" data-id=\"mailto: m.mueller@tourismuspankow.berlin\">M\u00fcller<\/a><\/p>\n\n\n\n<p>(seit 08.12.2022)<\/p>\n\n\n\n<p><strong>KONTAKT<\/strong>:<\/p>\n\n\n\n<p>Der Vorstand trifft sich zu seinen mitgliederoffenen Treffen virtuell oder beim Vereinssitz TIC-B\u00fcro, Fr\u00f6belstra\u00dfe 17 Haus 6, Raum 135, 10405 Berlin.&nbsp;<\/p>\n\n\n\n<p>An einer Teilnahme am Vorstandstreffen interessierte Mitglieder und G\u00e4ste werden um Anmeldung gebeten unter Email:<a href=\"mailto:vorstand@tourismuspankow.berlin\"><\/a> <a href=\"mailto:vorstand@tourismuspankow.berlin\" target=\"_blank\" rel=\"noreferrer noopener\">vorstand@tourismuspankow.berlin<\/a> und erhalten dann eine Einladung mit Tagesordnung sowie bei virtuellem Treffen die Einwahldaten.<\/p>\n","protected":false},"excerpt":{"rendered":"<p>Der Vorstand Vorsitzender: Max E. Neumann Tel. 030 50573781 stellvertretender Vorsitzender: Harald Steinhausen stellvertretende Vorsitzende: Julia Morais Schatzmeister: Marcel M\u00fcller (seit 08.12.2022) KONTAKT: Der Vorstand trifft sich zu seinen mitgliederoffenen &#8230;<\/p>\n","protected":false},"author":4,"featured_media":0,"parent":0,"menu_order":0,"comment_status":"closed","ping_status":"closed","template":"","meta":{"footnotes":""},"class_list":["post-3308","page","type-page","status-publish","hentry"],"_links":{"self":[{"href":"https:\/\/tourismuspankow.berlin\/index.php\/wp-json\/wp\/v2\/pages\/3308","targetHints":{"allow":["GET"]}}],"collection":[{"href":"https:\/\/tourismuspankow.berlin\/index.php\/wp-json\/wp\/v2\/pages"}],"about":[{"href":"https:\/\/tourismuspankow.berlin\/index.php\/wp-json\/wp\/v2\/types\/page"}],"author":[{"embeddable":true,"href":"https:\/\/tourismuspankow.berlin\/index.php\/wp-json\/wp\/v2\/users\/4"}],"replies":[{"embeddable":true,"href":"https:\/\/tourismuspankow.berlin\/index.php\/wp-json\/wp\/v2\/comments?post=3308"}],"version-history":[{"count":6,"href":"https:\/\/tourismuspankow.berlin\/index.php\/wp-json\/wp\/v2\/pages\/3308\/revisions"}],"predecessor-version":[{"id":3586,"href":"https:\/\/tourismuspankow.berlin\/index.php\/wp-json\/wp\/v2\/pages\/3308\/revisions\/3586"}],"wp:attachment":[{"href":"https:\/\/tourismuspankow.berlin\/index.php\/wp-json\/wp\/v2\/media?parent=3308"}],"curies":[{"name":"wp","href":"https:\/\/api.w.org\/{rel}","templated":true}]}}