{"id":3149,"date":"2024-10-31T10:40:11","date_gmt":"2024-10-31T09:40:11","guid":{"rendered":"https:\/\/tourismuspankow.berlin\/?page_id=3149"},"modified":"2025-06-13T22:12:31","modified_gmt":"2025-06-13T20:12:31","slug":"presse","status":"publish","type":"page","link":"https:\/\/tourismuspankow.berlin\/index.php\/home\/presse\/","title":{"rendered":"Presse"},"content":{"rendered":"\n<div class=\"wp-block-columns is-layout-flex wp-container-core-columns-is-layout-9d6595d7 wp-block-columns-is-layout-flex\">\n<div class=\"wp-block-column is-layout-flow wp-block-column-is-layout-flow\">\n<p><strong>30-j\u00e4hriges Jubil\u00e4um und das 20-j\u00e4hrige<br>Bestehen der Touristen-Information TIC<\/strong>,<br>Pressemeldung vom 09.10.2024<\/p>\n<\/div>\n\n\n\n<div class=\"wp-block-column is-layout-flow wp-block-column-is-layout-flow\">\n<p><a href=\"https:\/\/mcusercontent.com\/833b2538fa45cf0807eb15f40\/files\/6227ffe0-43df-53ac-7b15-a9a42b9ab110\/PM30JahreTourismusverein_Pankow_20_Jahre_TIC.pdf\" data-type=\"link\" data-id=\"https:\/\/mcusercontent.com\/833b2538fa45cf0807eb15f40\/files\/4096e65d-fbd5-f49d-7fb0-0b3c4c412eef\/Pressemitteilung_Pankow_Ra_umt_auf.pdf\" target=\"_blank\" rel=\"noreferrer noopener\">Pressemeldung als pdf zum Download<\/a><\/p>\n<\/div>\n<\/div>\n\n\n\n<div class=\"wp-block-columns is-layout-flex wp-container-core-columns-is-layout-9d6595d7 wp-block-columns-is-layout-flex\">\n<div class=\"wp-block-column is-layout-flow wp-block-column-is-layout-flow\">\n<p><strong><strong>&#8222;Pankow R\u00e4umt auf&#8220;<\/strong><\/strong> Pressemeldung vom 7. Juli 2023<\/p>\n<\/div>\n\n\n\n<div class=\"wp-block-column is-layout-flow wp-block-column-is-layout-flow\">\n<p><a href=\"https:\/\/mcusercontent.com\/833b2538fa45cf0807eb15f40\/files\/4096e65d-fbd5-f49d-7fb0-0b3c4c412eef\/Pressemitteilung_Pankow_Ra_umt_auf.pdf\" target=\"_blank\" rel=\"noreferrer noopener\">Pressemeldung als pdf zum Download<\/a><\/p>\n<\/div>\n<\/div>\n\n\n\n<div class=\"wp-block-columns is-layout-flex wp-container-core-columns-is-layout-9d6595d7 wp-block-columns-is-layout-flex\">\n<div class=\"wp-block-column is-layout-flow wp-block-column-is-layout-flow\">\n<p><strong>\u201eKille Kille Pankow\u201c \u2013 die Revue durch den Stadtbezirk jetzt als Film<\/strong>, Pressemeldung 29.03.2023<\/p>\n<\/div>\n\n\n\n<div class=\"wp-block-column is-layout-flow wp-block-column-is-layout-flow\">\n<p><a href=\"https:\/\/mcusercontent.com\/833b2538fa45cf0807eb15f40\/files\/49e5d9fb-1075-e86a-9ba4-15c9804049da\/Pressemittelung_Kille_Kille_Pankow_Film.pdf\" target=\"_blank\" rel=\"noreferrer noopener\">Pressemeldung als pdf zum Download<\/a><\/p>\n<\/div>\n<\/div>\n","protected":false},"excerpt":{"rendered":"<p>Pressemeldungen <\/p>\n","protected":false},"author":7,"featured_media":3150,"parent":1341,"menu_order":0,"comment_status":"closed","ping_status":"closed","template":"","meta":{"footnotes":""},"class_list":["post-3149","page","type-page","status-publish","has-post-thumbnail","hentry"],"_links":{"self":[{"href":"https:\/\/tourismuspankow.berlin\/index.php\/wp-json\/wp\/v2\/pages\/3149","targetHints":{"allow":["GET"]}}],"collection":[{"href":"https:\/\/tourismuspankow.berlin\/index.php\/wp-json\/wp\/v2\/pages"}],"about":[{"href":"https:\/\/tourismuspankow.berlin\/index.php\/wp-json\/wp\/v2\/types\/page"}],"author":[{"embeddable":true,"href":"https:\/\/tourismuspankow.berlin\/index.php\/wp-json\/wp\/v2\/users\/7"}],"replies":[{"embeddable":true,"href":"https:\/\/tourismuspankow.berlin\/index.php\/wp-json\/wp\/v2\/comments?post=3149"}],"version-history":[{"count":9,"href":"https:\/\/tourismuspankow.berlin\/index.php\/wp-json\/wp\/v2\/pages\/3149\/revisions"}],"predecessor-version":[{"id":3169,"href":"https:\/\/tourismuspankow.berlin\/index.php\/wp-json\/wp\/v2\/pages\/3149\/revisions\/3169"}],"up":[{"embeddable":true,"href":"https:\/\/tourismuspankow.berlin\/index.php\/wp-json\/wp\/v2\/pages\/1341"}],"wp:featuredmedia":[{"embeddable":true,"href":"https:\/\/tourismuspankow.berlin\/index.php\/wp-json\/wp\/v2\/media\/3150"}],"wp:attachment":[{"href":"https:\/\/tourismuspankow.berlin\/index.php\/wp-json\/wp\/v2\/media?parent=3149"}],"curies":[{"name":"wp","href":"https:\/\/api.w.org\/{rel}","templated":true}]}}