{"id":1547,"date":"2018-02-19T18:05:33","date_gmt":"2018-02-19T17:05:33","guid":{"rendered":"http:\/\/tourismuspankow.berlin\/?page_id=1547"},"modified":"2025-11-27T09:00:33","modified_gmt":"2025-11-27T08:00:33","slug":"partner","status":"publish","type":"page","link":"https:\/\/tourismuspankow.berlin\/index.php\/partner\/","title":{"rendered":"Partner und Kooperationen"},"content":{"rendered":"<div id=\"pl-1547\" class=\"panel-layout\">\n<div id=\"pg-1547-0\" class=\"panel-grid panel-no-style\">\n<div id=\"pgc-1547-0-0\" class=\"panel-grid-cell\" data-weight=\"1\">\n<div id=\"panel-1547-0-0-0\" class=\"so-panel widget widget_sow-editor panel-first-child panel-last-child\" data-index=\"0\" data-style=\"{&quot;background_image_attachment&quot;:false,&quot;background_display&quot;:&quot;tile&quot;,&quot;iw-visible-screen&quot;:&quot;iw-all&quot;,&quot;iw-visible-layout&quot;:&quot;iw-all&quot;}\">\n<div class=\"so-widget-sow-editor so-widget-sow-editor-base\">\n<div class=\"siteorigin-widget-tinymce textwidget\">\n<div class=\"feature-item-content\">\n<h3>Partner und Kooperationen<\/h3>\n<p>Unsere Vereinsarbeit gestalten wir seit der Gr\u00fcndung in Zusammenarbeit und Abstimmung mit Stakeholdern der Berliner Tourismuswirtschaft, Politik, Verwaltung und Akteuren vor Ort.<\/p>\n<\/div>\n<p>Seit unserer Gr\u00fcndung war uns eine enges Zusammenwirken mit dem Bezirk wichtig. Seit der Bezirksfusion 2001 arbeiten wir mit dem <a href=\"https:\/\/www.berlin.de\/ba-pankow\/\">Bezirksamt Pankow<\/a> bei der Entwicklung und Umsetzung von Tourismusvorhaben f\u00fcr unsere Region zusammen. Gemeinsam konnten wir mehrere Projekte zum Aufbau der touristischen Infrastruktur im Bezirk Pankow realisieren. Wir pflegen mit unseren verschiedenen Partnern einen vertrauensvollen Austausch und eine langj\u00e4hrig bew\u00e4hrte Zusammenarbeit, um Tourismus stadtvertr\u00e4glich zu f\u00f6rdern und eine touristische Willkommenskultur im Berliner Nordosten zu pflegen.<\/p>\n<p>Mit <a href=\"https:\/\/www.visitberlin.de\/de\"><em>visit Berlin!<\/em><\/a> hat unserer Verein eine enge und verl\u00e4ssliche Kooperation aufgebaut, um im Berlin-Tourismus partnerschaftlich f\u00fcr eine gute Positionierung unserer Destination zu sorgen.<\/p>\n<p>Auch die Zusammenarbeit mit unterschiedlichen lokalen und regionalen Akteuren wird in unserer Vereinsarbeit wichtig genommen. Damit bieten sich Gelegenheiten, um Ressourcen zu b\u00fcndeln und sich gemeinsam f\u00fcr die Region zu engagieren.<\/p>\n<h4><strong>Hier eine Auswahl wichtiger Partner:<\/strong><\/h4>\n<\/div>\n<\/div>\n<\/div>\n<\/div>\n<\/div>\n<\/div>\n\n\n<figure class=\"wp-block-gallery has-nested-images columns-default is-cropped wp-block-gallery-1 is-layout-flex wp-block-gallery-is-layout-flex\">\n<figure class=\"wp-block-image size-large\"><a href=\"https:\/\/www.berlin.de\/ba-pankow\/\"><img loading=\"lazy\" decoding=\"async\" width=\"1024\" height=\"597\" data-id=\"3281\" src=\"https:\/\/tourismuspankow.berlin\/wp-content\/uploads\/2025\/03\/BA_W_PA_Logo_DE_V_PT_RGB-1024x597.png\" alt=\"\" class=\"wp-image-3281\" srcset=\"https:\/\/tourismuspankow.berlin\/wp-content\/uploads\/2025\/03\/BA_W_PA_Logo_DE_V_PT_RGB-1024x597.png 1024w, https:\/\/tourismuspankow.berlin\/wp-content\/uploads\/2025\/03\/BA_W_PA_Logo_DE_V_PT_RGB-300x175.png 300w, https:\/\/tourismuspankow.berlin\/wp-content\/uploads\/2025\/03\/BA_W_PA_Logo_DE_V_PT_RGB-768x448.png 768w, https:\/\/tourismuspankow.berlin\/wp-content\/uploads\/2025\/03\/BA_W_PA_Logo_DE_V_PT_RGB-1536x896.png 1536w, https:\/\/tourismuspankow.berlin\/wp-content\/uploads\/2025\/03\/BA_W_PA_Logo_DE_V_PT_RGB-2048x1194.png 2048w\" sizes=\"auto, (max-width: 1024px) 100vw, 1024px\" \/><\/a><\/figure>\n\n\n<div class=\"wp-block-image\">\n<figure class=\"aligncenter size-full\"><a href=\"https:\/\/www.visitberlin.de\/de\" target=\"_blank\" rel=\" noreferrer noopener\"><img loading=\"lazy\" decoding=\"async\" width=\"386\" height=\"126\" data-id=\"3283\" src=\"https:\/\/tourismuspankow.berlin\/wp-content\/uploads\/2025\/03\/visitberlinneu.png\" alt=\"\" class=\"wp-image-3283\" srcset=\"https:\/\/tourismuspankow.berlin\/wp-content\/uploads\/2025\/03\/visitberlinneu.png 386w, https:\/\/tourismuspankow.berlin\/wp-content\/uploads\/2025\/03\/visitberlinneu-300x98.png 300w\" sizes=\"auto, (max-width: 386px) 100vw, 386px\" \/><\/a><\/figure>\n<\/div>\n\n\n<figure class=\"wp-block-image size-large\"><a href=\"https:\/\/www.kulturring.berlin\/\" target=\"_blank\" rel=\" noreferrer noopener\"><img loading=\"lazy\" decoding=\"async\" width=\"668\" height=\"208\" data-id=\"3287\" src=\"https:\/\/tourismuspankow.berlin\/wp-content\/uploads\/2025\/03\/Kulturring.png\" alt=\"\" class=\"wp-image-3287\" srcset=\"https:\/\/tourismuspankow.berlin\/wp-content\/uploads\/2025\/03\/Kulturring.png 668w, https:\/\/tourismuspankow.berlin\/wp-content\/uploads\/2025\/03\/Kulturring-300x93.png 300w\" sizes=\"auto, (max-width: 668px) 100vw, 668px\" \/><\/a><\/figure>\n\n\n<div class=\"wp-block-image\">\n<figure class=\"aligncenter size-large\"><a href=\"https:\/\/www.clubcommission.de\/\" target=\"_blank\" rel=\" noreferrer noopener\"><img loading=\"lazy\" decoding=\"async\" width=\"1024\" height=\"173\" data-id=\"3285\" src=\"https:\/\/tourismuspankow.berlin\/wp-content\/uploads\/2025\/03\/clubcommission-1024x173.png\" alt=\"\" class=\"wp-image-3285\" srcset=\"https:\/\/tourismuspankow.berlin\/wp-content\/uploads\/2025\/03\/clubcommission-1024x173.png 1024w, https:\/\/tourismuspankow.berlin\/wp-content\/uploads\/2025\/03\/clubcommission-300x51.png 300w, https:\/\/tourismuspankow.berlin\/wp-content\/uploads\/2025\/03\/clubcommission-768x130.png 768w, https:\/\/tourismuspankow.berlin\/wp-content\/uploads\/2025\/03\/clubcommission-1536x260.png 1536w, https:\/\/tourismuspankow.berlin\/wp-content\/uploads\/2025\/03\/clubcommission-2048x346.png 2048w\" sizes=\"auto, (max-width: 1024px) 100vw, 1024px\" \/><\/a><\/figure>\n<\/div><\/figure>\n\n\n\n<hr class=\"wp-block-separator has-alpha-channel-opacity\"\/>\n\n\n\n<figure class=\"wp-block-image size-full is-resized\"><img loading=\"lazy\" decoding=\"async\" width=\"180\" height=\"85\" src=\"https:\/\/tourismuspankow.berlin\/wp-content\/uploads\/2025\/11\/kulturbrauerei-ev-logo2.png\" alt=\"\" class=\"wp-image-3515\" style=\"width:326px;height:auto\"\/><\/figure>\n\n\n\n<figure class=\"wp-block-image size-full is-resized\"><a href=\"https:\/\/meine-schoenhauser.de\/\"><img loading=\"lazy\" decoding=\"async\" width=\"451\" height=\"300\" src=\"https:\/\/tourismuspankow.berlin\/wp-content\/uploads\/2025\/10\/logo-hellblau.webp\" alt=\"\" class=\"wp-image-3487\" style=\"width:499px;height:auto\" srcset=\"https:\/\/tourismuspankow.berlin\/wp-content\/uploads\/2025\/10\/logo-hellblau.webp 451w, https:\/\/tourismuspankow.berlin\/wp-content\/uploads\/2025\/10\/logo-hellblau-300x200.webp 300w\" sizes=\"auto, (max-width: 451px) 100vw, 451px\" \/><\/a><\/figure>\n\n\n\n<figure class=\"wp-block-image size-full is-resized\"><img loading=\"lazy\" decoding=\"async\" width=\"123\" height=\"58\" src=\"https:\/\/tourismuspankow.berlin\/wp-content\/uploads\/2025\/11\/logo_bsk.gif\" alt=\"\" class=\"wp-image-3537\" style=\"width:260px;height:auto\"\/><\/figure>\n\n\n\n<figure class=\"wp-block-image size-full\"><a href=\"https:\/\/www.pankow-riwne.de\/\"><img loading=\"lazy\" decoding=\"async\" width=\"500\" height=\"259\" src=\"https:\/\/tourismuspankow.berlin\/wp-content\/uploads\/2025\/08\/23-LOGO-VEREIN-PANKOW-RIWNE.jpeg\" alt=\"\" class=\"wp-image-3395\" srcset=\"https:\/\/tourismuspankow.berlin\/wp-content\/uploads\/2025\/08\/23-LOGO-VEREIN-PANKOW-RIWNE.jpeg 500w, https:\/\/tourismuspankow.berlin\/wp-content\/uploads\/2025\/08\/23-LOGO-VEREIN-PANKOW-RIWNE-300x155.jpeg 300w\" sizes=\"auto, (max-width: 500px) 100vw, 500px\" \/><\/a><\/figure>\n\n\n\n<figure class=\"wp-block-image size-large is-style-default\"><a href=\"https:\/\/www.barnim-naturpark.de\/\"><img loading=\"lazy\" decoding=\"async\" width=\"1024\" height=\"545\" src=\"https:\/\/tourismuspankow.berlin\/wp-content\/uploads\/2025\/03\/NaturparkBarnim-Logo_2400x1300px_CMYK-1024x545.jpg\" alt=\"\" class=\"wp-image-3284\" srcset=\"https:\/\/tourismuspankow.berlin\/wp-content\/uploads\/2025\/03\/NaturparkBarnim-Logo_2400x1300px_CMYK-1024x545.jpg 1024w, https:\/\/tourismuspankow.berlin\/wp-content\/uploads\/2025\/03\/NaturparkBarnim-Logo_2400x1300px_CMYK-300x160.jpg 300w, https:\/\/tourismuspankow.berlin\/wp-content\/uploads\/2025\/03\/NaturparkBarnim-Logo_2400x1300px_CMYK-768x409.jpg 768w, https:\/\/tourismuspankow.berlin\/wp-content\/uploads\/2025\/03\/NaturparkBarnim-Logo_2400x1300px_CMYK-1536x817.jpg 1536w, https:\/\/tourismuspankow.berlin\/wp-content\/uploads\/2025\/03\/NaturparkBarnim-Logo_2400x1300px_CMYK-2048x1090.jpg 2048w\" sizes=\"auto, (max-width: 1024px) 100vw, 1024px\" \/><\/a><\/figure>\n\n\n<div class=\"wp-block-image\">\n<figure class=\"aligncenter size-large\"><a href=\"https:\/\/www.berliner-landestourismusverband.de\"><img loading=\"lazy\" decoding=\"async\" width=\"1024\" height=\"95\" src=\"https:\/\/tourismuspankow.berlin\/wp-content\/uploads\/2025\/03\/berlinerlandestourismusverband-1024x95.png\" alt=\"\" class=\"wp-image-3286\" srcset=\"https:\/\/tourismuspankow.berlin\/wp-content\/uploads\/2025\/03\/berlinerlandestourismusverband-1024x95.png 1024w, https:\/\/tourismuspankow.berlin\/wp-content\/uploads\/2025\/03\/berlinerlandestourismusverband-300x28.png 300w, https:\/\/tourismuspankow.berlin\/wp-content\/uploads\/2025\/03\/berlinerlandestourismusverband-768x71.png 768w, https:\/\/tourismuspankow.berlin\/wp-content\/uploads\/2025\/03\/berlinerlandestourismusverband.png 1034w\" sizes=\"auto, (max-width: 1024px) 100vw, 1024px\" \/><\/a><\/figure>\n<\/div>\n\n\n<figure class=\"wp-block-image size-full is-resized\"><a href=\"https:\/\/www.loky.news\/\"><img loading=\"lazy\" decoding=\"async\" width=\"600\" height=\"250\" src=\"https:\/\/tourismuspankow.berlin\/wp-content\/uploads\/2025\/10\/loky-Logo-600-x-250-px-ohne-Rand.webp\" alt=\"\" class=\"wp-image-3496\" style=\"width:154px;height:auto\" srcset=\"https:\/\/tourismuspankow.berlin\/wp-content\/uploads\/2025\/10\/loky-Logo-600-x-250-px-ohne-Rand.webp 600w, https:\/\/tourismuspankow.berlin\/wp-content\/uploads\/2025\/10\/loky-Logo-600-x-250-px-ohne-Rand-300x125.webp 300w\" sizes=\"auto, (max-width: 600px) 100vw, 600px\" \/><\/a><\/figure>\n\n\n\n<p><strong>Hier wird eine \u00dcbersicht weiterer Partner folgen&#8230;<\/strong><\/p>\n\n\n\n<p><\/p>\n","protected":false},"excerpt":{"rendered":"<p>Partner und Kooperationen Unsere Vereinsarbeit gestalten wir seit der Gr\u00fcndung in Zusammenarbeit und Abstimmung mit Stakeholdern der Berliner Tourismuswirtschaft, Politik, Verwaltung und Akteuren vor Ort. Seit unserer Gr\u00fcndung war uns &#8230;<\/p>\n","protected":false},"author":1,"featured_media":3129,"parent":0,"menu_order":0,"comment_status":"closed","ping_status":"closed","template":"","meta":{"footnotes":""},"class_list":["post-1547","page","type-page","status-publish","has-post-thumbnail","hentry"],"_links":{"self":[{"href":"https:\/\/tourismuspankow.berlin\/index.php\/wp-json\/wp\/v2\/pages\/1547","targetHints":{"allow":["GET"]}}],"collection":[{"href":"https:\/\/tourismuspankow.berlin\/index.php\/wp-json\/wp\/v2\/pages"}],"about":[{"href":"https:\/\/tourismuspankow.berlin\/index.php\/wp-json\/wp\/v2\/types\/page"}],"author":[{"embeddable":true,"href":"https:\/\/tourismuspankow.berlin\/index.php\/wp-json\/wp\/v2\/users\/1"}],"replies":[{"embeddable":true,"href":"https:\/\/tourismuspankow.berlin\/index.php\/wp-json\/wp\/v2\/comments?post=1547"}],"version-history":[{"count":41,"href":"https:\/\/tourismuspankow.berlin\/index.php\/wp-json\/wp\/v2\/pages\/1547\/revisions"}],"predecessor-version":[{"id":3540,"href":"https:\/\/tourismuspankow.berlin\/index.php\/wp-json\/wp\/v2\/pages\/1547\/revisions\/3540"}],"wp:featuredmedia":[{"embeddable":true,"href":"https:\/\/tourismuspankow.berlin\/index.php\/wp-json\/wp\/v2\/media\/3129"}],"wp:attachment":[{"href":"https:\/\/tourismuspankow.berlin\/index.php\/wp-json\/wp\/v2\/media?parent=1547"}],"curies":[{"name":"wp","href":"https:\/\/api.w.org\/{rel}","templated":true}]}}